{"id":945,"date":"2025-09-19T08:07:14","date_gmt":"2025-09-19T05:07:14","guid":{"rendered":"https:\/\/pescado.ro\/politica-de-confidentialitate\/"},"modified":"2025-10-17T10:26:19","modified_gmt":"2025-10-17T07:26:19","slug":"politique-de-confidentialite","status":"publish","type":"page","link":"https:\/\/pescado.ro\/fr\/politique-de-confidentialite\/","title":{"rendered":"Politique de confidentialit\u00e9"},"content":{"rendered":"<h3 class=\"wp-block-heading\">Qui sommes-nous<\/h3>\n<p><strong class=\"privacy-policy-tutorial\">Texte sugg\u00e9r\u00e9 : <\/strong>L\u2019adresse de notre site Web est : http:\/\/pescado.ro.<\/p>\n<h3 class=\"wp-block-heading\">Commentaires<\/h3>\n<p><strong class=\"privacy-policy-tutorial\">Texte sugg\u00e9r\u00e9 : <\/strong>Lorsque les visiteurs laissent des commentaires sur le site, nous collectons les donn\u00e9es indiqu\u00e9es dans le formulaire de commentaires, ainsi que l\u2019adresse IP du visiteur et la cha\u00eene d\u2019agents utilisateur de son navigateur pour nous aider \u00e0 d\u00e9tecter les spams.<\/p>\n<p>Une cha\u00eene anonymis\u00e9e (\u00e9galement appel\u00e9e hash), cr\u00e9\u00e9e \u00e0 partir de votre adresse e-mail, peut \u00eatre fournie au service Gravatar pour v\u00e9rifier si vous l\u2019utilisez. La politique de confidentialit\u00e9 du service Gravatar est disponible ici : https:\/\/automattic.com\/privacy\/. Apr\u00e8s approbation de votre commentaire, votre photo de profil est visible publiquement \u00e0 c\u00f4t\u00e9 de votre commentaire.<\/p>\n<h3 class=\"wp-block-heading\">M\u00e9dias<\/h3>\n<p><strong class=\"privacy-policy-tutorial\">Texte sugg\u00e9r\u00e9 : <\/strong>Si vous t\u00e9l\u00e9versez des images sur le site Web, vous devriez \u00e9viter de t\u00e9l\u00e9verser des images contenant des donn\u00e9es de localisation int\u00e9gr\u00e9es (EXIF GPS). Les visiteurs du site peuvent t\u00e9l\u00e9charger et extraire les donn\u00e9es de localisation des images du site.<\/p>\n<h3 class=\"wp-block-heading\">Cookies<\/h3>\n<p><strong class=\"privacy-policy-tutorial\">Texte sugg\u00e9r\u00e9 : <\/strong>Si vous laissez un commentaire sur notre site, vous pouvez choisir d\u2019enregistrer votre nom, votre adresse e-mail et votre site Web dans des cookies. Cela est fait pour votre confort, afin que vous n\u2019ayez pas \u00e0 remplir \u00e0 nouveau ces informations lorsque vous laissez un autre commentaire. Ces cookies dureront un an.<\/p>\n<p>Si vous acc\u00e9dez \u00e0 notre page de connexion, nous placerons un cookie temporaire pour d\u00e9terminer si votre navigateur accepte les cookies. Ce cookie ne contient aucune donn\u00e9e personnelle et sera supprim\u00e9 lorsque vous fermerez votre navigateur.<\/p>\n<p>Lorsque vous vous connectez, nous placerons \u00e9galement plusieurs cookies pour enregistrer vos informations de connexion et vos pr\u00e9f\u00e9rences d\u2019affichage \u00e0 l\u2019\u00e9cran. Les cookies de connexion sont conserv\u00e9s pendant deux jours, et ceux des options d\u2019affichage pendant un an. Si vous s\u00e9lectionnez \u00ab Se souvenir de moi \u00bb, vos cookies de connexion seront conserv\u00e9s pendant deux semaines. Si vous vous d\u00e9connectez de votre compte, les cookies de connexion seront supprim\u00e9s.<\/p>\n<p>Si vous modifiez ou publiez un article, un cookie suppl\u00e9mentaire sera enregistr\u00e9 dans votre navigateur. Ce cookie ne contient aucune donn\u00e9e personnelle et indique simplement l\u2019ID de l\u2019article que vous venez de modifier. Il expire apr\u00e8s un jour.<\/p>\n<h3 class=\"wp-block-heading\">Contenu int\u00e9gr\u00e9 depuis d\u2019autres sites Web<\/h3>\n<p><strong class=\"privacy-policy-tutorial\">Texte sugg\u00e9r\u00e9 : <\/strong>Les articles de ce site peuvent inclure du contenu int\u00e9gr\u00e9 (par exemple des vid\u00e9os, des images, des articles, etc.). Le contenu int\u00e9gr\u00e9 depuis d\u2019autres sites Web se comporte exactement de la m\u00eame mani\u00e8re que si le visiteur avait consult\u00e9 cet autre site Web.<\/p>\n<p>Ces sites Web peuvent collecter des donn\u00e9es vous concernant, utiliser des cookies, int\u00e9grer un suivi tiers suppl\u00e9mentaire et surveiller vos interactions avec ce contenu int\u00e9gr\u00e9, y compris suivre votre interaction si vous disposez d\u2019un compte et \u00eates connect\u00e9 \u00e0 ce site Web.<\/p>\n<h3 class=\"wp-block-heading\">Avec qui nous partageons vos donn\u00e9es<\/h3>\n<p><strong class=\"privacy-policy-tutorial\">Texte sugg\u00e9r\u00e9 : <\/strong>Si vous demandez une r\u00e9initialisation de mot de passe, votre adresse IP sera incluse dans l\u2019e-mail de r\u00e9initialisation.<\/p>\n<h3 class=\"wp-block-heading\">Dur\u00e9e de conservation de vos donn\u00e9es<\/h3>\n<p><strong class=\"privacy-policy-tutorial\">Texte sugg\u00e9r\u00e9 : <\/strong>Si vous laissez un commentaire, celui-ci et ses m\u00e9tadonn\u00e9es sont conserv\u00e9s ind\u00e9finiment. Cela nous permet de reconna\u00eetre et d\u2019approuver automatiquement les commentaires suivants au lieu de les placer dans une file d\u2019attente de mod\u00e9ration.<\/p>\n<p>Pour les utilisateurs qui s\u2019enregistrent sur notre site Web (le cas \u00e9ch\u00e9ant), nous stockons \u00e9galement les informations personnelles qu\u2019ils fournissent dans leur profil d\u2019utilisateur. Tous les utilisateurs peuvent voir, modifier ou supprimer leurs informations personnelles \u00e0 tout moment (\u00e0 l\u2019exception de leur nom d\u2019utilisateur). Les administrateurs du site peuvent \u00e9galement voir et modifier ces informations.<\/p>\n<h3 class=\"wp-block-heading\">Quels sont vos droits sur vos donn\u00e9es<\/h3>\n<p><strong class=\"privacy-policy-tutorial\">Texte sugg\u00e9r\u00e9 : <\/strong>Si vous avez un compte ou si vous avez laiss\u00e9 des commentaires sur ce site Web, vous pouvez demander \u00e0 recevoir un fichier export\u00e9 contenant les donn\u00e9es personnelles que nous d\u00e9tenons \u00e0 votre sujet, y compris celles que vous nous avez fournies. Vous pouvez \u00e9galement demander la suppression de toutes les donn\u00e9es personnelles que nous d\u00e9tenons \u00e0 votre sujet. Cela n\u2019inclut pas les donn\u00e9es que nous sommes tenus de conserver \u00e0 des fins administratives, l\u00e9gales ou de s\u00e9curit\u00e9.<\/p>\n<h3 class=\"wp-block-heading\">O\u00f9 vos donn\u00e9es sont envoy\u00e9es<\/h3>\n<p><strong class=\"privacy-policy-tutorial\">Texte sugg\u00e9r\u00e9 : <\/strong>Les commentaires des visiteurs peuvent \u00eatre v\u00e9rifi\u00e9s \u00e0 l\u2019aide d\u2019un service automatis\u00e9 de d\u00e9tection du spam.<\/p>\n","protected":false},"excerpt":{"rendered":"<p>Qui sommes-nous Texte sugg\u00e9r\u00e9 : L\u2019adresse de notre site Web est : http:\/\/pescado.ro. Commentaires Texte sugg\u00e9r\u00e9 : Lorsque les visiteurs laissent des commentaires sur le site, nous collectons les donn\u00e9es indiqu\u00e9es dans le formulaire de commentaires, ainsi que l\u2019adresse IP du visiteur et la cha\u00eene d\u2019agents utilisateur de son navigateur pour nous aider \u00e0 d\u00e9tecter [&hellip;]<\/p>\n","protected":false},"author":1,"featured_media":0,"parent":0,"menu_order":0,"comment_status":"closed","ping_status":"open","template":"","meta":{"_acf_changed":false,"inline_featured_image":false,"footnotes":""},"class_list":["post-945","page","type-page","status-publish","hentry"],"acf":[],"yoast_head":"<!-- This site is optimized with the Yoast SEO plugin v26.1.1 - https:\/\/yoast.com\/wordpress\/plugins\/seo\/ -->\n<title>Politique de confidentialit\u00e9 - Pescado<\/title>\n<meta name=\"robots\" content=\"noindex, follow, max-snippet:-1, max-image-preview:large, max-video-preview:-1\" \/>\n<meta property=\"og:locale\" content=\"fr_FR\" \/>\n<meta property=\"og:type\" content=\"article\" \/>\n<meta property=\"og:title\" content=\"Politique de confidentialit\u00e9 - Pescado\" \/>\n<meta property=\"og:description\" content=\"Qui sommes-nous Texte sugg\u00e9r\u00e9 : L\u2019adresse de notre site Web est : http:\/\/pescado.ro. Commentaires Texte sugg\u00e9r\u00e9 : Lorsque les visiteurs laissent des commentaires sur le site, nous collectons les donn\u00e9es indiqu\u00e9es dans le formulaire de commentaires, ainsi que l\u2019adresse IP du visiteur et la cha\u00eene d\u2019agents utilisateur de son navigateur pour nous aider \u00e0 d\u00e9tecter [&hellip;]\" \/>\n<meta property=\"og:url\" content=\"https:\/\/pescado.ro\/fr\/politique-de-confidentialite\/\" \/>\n<meta property=\"og:site_name\" content=\"Pescado\" \/>\n<meta property=\"article:modified_time\" content=\"2025-10-17T07:26:19+00:00\" \/>\n<meta name=\"twitter:card\" content=\"summary_large_image\" \/>\n<meta name=\"twitter:label1\" content=\"Dur\u00e9e de lecture estim\u00e9e\" \/>\n\t<meta name=\"twitter:data1\" content=\"4 minutes\" \/>\n<script type=\"application\/ld+json\" class=\"yoast-schema-graph\">{\"@context\":\"https:\/\/schema.org\",\"@graph\":[{\"@type\":\"WebPage\",\"@id\":\"https:\/\/pescado.ro\/fr\/politique-de-confidentialite\/\",\"url\":\"https:\/\/pescado.ro\/fr\/politique-de-confidentialite\/\",\"name\":\"Politique de confidentialit\u00e9 - Pescado\",\"isPartOf\":{\"@id\":\"https:\/\/pescado.ro\/fr\/#website\"},\"datePublished\":\"2025-09-19T05:07:14+00:00\",\"dateModified\":\"2025-10-17T07:26:19+00:00\",\"breadcrumb\":{\"@id\":\"https:\/\/pescado.ro\/fr\/politique-de-confidentialite\/#breadcrumb\"},\"inLanguage\":\"fr-FR\",\"potentialAction\":[{\"@type\":\"ReadAction\",\"target\":[\"https:\/\/pescado.ro\/fr\/politique-de-confidentialite\/\"]}]},{\"@type\":\"BreadcrumbList\",\"@id\":\"https:\/\/pescado.ro\/fr\/politique-de-confidentialite\/#breadcrumb\",\"itemListElement\":[{\"@type\":\"ListItem\",\"position\":1,\"name\":\"Accueil\",\"item\":\"https:\/\/pescado.ro\/fr\/\"},{\"@type\":\"ListItem\",\"position\":2,\"name\":\"Politique de confidentialit\u00e9\"}]},{\"@type\":\"WebSite\",\"@id\":\"https:\/\/pescado.ro\/fr\/#website\",\"url\":\"https:\/\/pescado.ro\/fr\/\",\"name\":\"Pescado\",\"description\":\"\",\"potentialAction\":[{\"@type\":\"SearchAction\",\"target\":{\"@type\":\"EntryPoint\",\"urlTemplate\":\"https:\/\/pescado.ro\/fr\/?s={search_term_string}\"},\"query-input\":{\"@type\":\"PropertyValueSpecification\",\"valueRequired\":true,\"valueName\":\"search_term_string\"}}],\"inLanguage\":\"fr-FR\"}]}<\/script>\n<!-- \/ Yoast SEO plugin. -->","yoast_head_json":{"title":"Politique de confidentialit\u00e9 - Pescado","robots":{"index":"noindex","follow":"follow","max-snippet":"max-snippet:-1","max-image-preview":"max-image-preview:large","max-video-preview":"max-video-preview:-1"},"og_locale":"fr_FR","og_type":"article","og_title":"Politique de confidentialit\u00e9 - Pescado","og_description":"Qui sommes-nous Texte sugg\u00e9r\u00e9 : L\u2019adresse de notre site Web est : http:\/\/pescado.ro. Commentaires Texte sugg\u00e9r\u00e9 : Lorsque les visiteurs laissent des commentaires sur le site, nous collectons les donn\u00e9es indiqu\u00e9es dans le formulaire de commentaires, ainsi que l\u2019adresse IP du visiteur et la cha\u00eene d\u2019agents utilisateur de son navigateur pour nous aider \u00e0 d\u00e9tecter [&hellip;]","og_url":"https:\/\/pescado.ro\/fr\/politique-de-confidentialite\/","og_site_name":"Pescado","article_modified_time":"2025-10-17T07:26:19+00:00","twitter_card":"summary_large_image","twitter_misc":{"Dur\u00e9e de lecture estim\u00e9e":"4 minutes"},"schema":{"@context":"https:\/\/schema.org","@graph":[{"@type":"WebPage","@id":"https:\/\/pescado.ro\/fr\/politique-de-confidentialite\/","url":"https:\/\/pescado.ro\/fr\/politique-de-confidentialite\/","name":"Politique de confidentialit\u00e9 - Pescado","isPartOf":{"@id":"https:\/\/pescado.ro\/fr\/#website"},"datePublished":"2025-09-19T05:07:14+00:00","dateModified":"2025-10-17T07:26:19+00:00","breadcrumb":{"@id":"https:\/\/pescado.ro\/fr\/politique-de-confidentialite\/#breadcrumb"},"inLanguage":"fr-FR","potentialAction":[{"@type":"ReadAction","target":["https:\/\/pescado.ro\/fr\/politique-de-confidentialite\/"]}]},{"@type":"BreadcrumbList","@id":"https:\/\/pescado.ro\/fr\/politique-de-confidentialite\/#breadcrumb","itemListElement":[{"@type":"ListItem","position":1,"name":"Accueil","item":"https:\/\/pescado.ro\/fr\/"},{"@type":"ListItem","position":2,"name":"Politique de confidentialit\u00e9"}]},{"@type":"WebSite","@id":"https:\/\/pescado.ro\/fr\/#website","url":"https:\/\/pescado.ro\/fr\/","name":"Pescado","description":"","potentialAction":[{"@type":"SearchAction","target":{"@type":"EntryPoint","urlTemplate":"https:\/\/pescado.ro\/fr\/?s={search_term_string}"},"query-input":{"@type":"PropertyValueSpecification","valueRequired":true,"valueName":"search_term_string"}}],"inLanguage":"fr-FR"}]}},"_links":{"self":[{"href":"https:\/\/pescado.ro\/fr\/wp-json\/wp\/v2\/pages\/945","targetHints":{"allow":["GET"]}}],"collection":[{"href":"https:\/\/pescado.ro\/fr\/wp-json\/wp\/v2\/pages"}],"about":[{"href":"https:\/\/pescado.ro\/fr\/wp-json\/wp\/v2\/types\/page"}],"author":[{"embeddable":true,"href":"https:\/\/pescado.ro\/fr\/wp-json\/wp\/v2\/users\/1"}],"replies":[{"embeddable":true,"href":"https:\/\/pescado.ro\/fr\/wp-json\/wp\/v2\/comments?post=945"}],"version-history":[{"count":1,"href":"https:\/\/pescado.ro\/fr\/wp-json\/wp\/v2\/pages\/945\/revisions"}],"predecessor-version":[{"id":957,"href":"https:\/\/pescado.ro\/fr\/wp-json\/wp\/v2\/pages\/945\/revisions\/957"}],"wp:attachment":[{"href":"https:\/\/pescado.ro\/fr\/wp-json\/wp\/v2\/media?parent=945"}],"curies":[{"name":"wp","href":"https:\/\/api.w.org\/{rel}","templated":true}]}}